{"id":3473,"date":"2023-05-25T09:06:56","date_gmt":"2023-05-25T16:06:56","guid":{"rendered":"https:\/\/www.cancerandtransplant.org\/?page_id=3473"},"modified":"2023-05-25T09:43:04","modified_gmt":"2023-05-25T16:43:04","slug":"request-and-submit-data","status":"publish","type":"page","link":"https:\/\/www.cancerandtransplant.org\/es\/bioregistry\/request-and-submit-data\/","title":{"rendered":"Solicitar y aportar datos"},"content":{"rendered":"<div data-elementor-type=\"wp-post\" data-elementor-id=\"3473\" class=\"elementor elementor-3473\" data-elementor-post-type=\"page\">\n\t\t\t\t<div class=\"elementor-element elementor-element-bc215a8 e-flex e-con-boxed e-con e-parent\" data-id=\"bc215a8\" data-element_type=\"container\" data-e-type=\"container\">\n\t\t\t\t\t<div class=\"e-con-inner\">\n\t\t<div class=\"elementor-element elementor-element-6c686b20 e-con-full e-flex e-con e-parent\" data-id=\"6c686b20\" data-element_type=\"container\" data-e-type=\"container\">\n\t\t<div class=\"elementor-element elementor-element-7bd70bd3 e-con-full e-flex e-con e-parent\" data-id=\"7bd70bd3\" data-element_type=\"container\" data-e-type=\"container\">\n\t\t\t\t<div class=\"elementor-element elementor-element-49a21d92 elementor-blockquote--skin-clean elementor-widget elementor-widget-blockquote\" data-id=\"49a21d92\" data-element_type=\"widget\" data-e-type=\"widget\" data-widget_type=\"blockquote.default\">\n\t\t\t\t<div class=\"elementor-widget-container\">\n\t\t\t\t\t\t\t<blockquote class=\"elementor-blockquote\">\n\t\t\t<p class=\"elementor-blockquote__content\">\n\t\t\t\tGracias por su inter\u00e9s en el biorregistro.\t\t\t<\/p>\n\t\t\t\t\t<\/blockquote>\n\t\t\t\t\t\t<\/div>\n\t\t\t\t<\/div>\n\t\t\t\t<\/div>\n\t\t<div class=\"elementor-element elementor-element-a1e73fe e-con-full e-flex e-con e-parent\" data-id=\"a1e73fe\" data-element_type=\"container\" data-e-type=\"container\">\n\t\t\t\t<div class=\"elementor-element elementor-element-aeb613a elementor-widget__width-inherit cict-main-content elementor-widget elementor-widget-text-editor\" data-id=\"aeb613a\" data-element_type=\"widget\" data-e-type=\"widget\" data-widget_type=\"text-editor.default\">\n\t\t\t\t<div class=\"elementor-widget-container\">\n\t\t\t\t\t\t\t\t\t<p>Siga las instrucciones a continuaci\u00f3n para solicitar datos y enviar datos al biorregistro de CICT.<\/p><h2>Solicitud de datos<\/h2><p>Para solicitar datos del Biorregistro CICT, siga estos pasos:\u00a0<\/p><ol><li><a href=\"https:\/\/redcap.iths.org\/surveys\/?s=TH9KTHXLJW4YKN38\"><strong>Env\u00ede un formulario de Gatekeeper<\/strong><\/a>. Los investigadores primero deben enviar un formulario Gatekeeper para que lo revise el Comit\u00e9 de acceso a datos de CICT.<\/li><li><strong>Revise la <\/strong><a href=\"https:\/\/drive.google.com\/file\/d\/1TD4RNjqJO_rOo6QAZJvKNZjxl8s-VFrN\/view?usp=share_link\"><strong>carta de Publicaciones y Presentaciones<\/strong><\/a>. Revise la carta antes de enviar un Acuerdo de uso de datos.<\/li><li><strong>Firme y env\u00ede el <\/strong><a href=\"https:\/\/drive.google.com\/file\/d\/1XTbcANnNGD4A1yVsS4mesu2cv5yNYEEF\/view?usp=share_link\"><strong>Acuerdo de Uso de Datos<\/strong><\/a>. Una vez que se haya revisado y aprobado el formulario Gatekeeper, el equipo de CICT pedir\u00e1 a los investigadores que env\u00eden un Acuerdo de Uso de Datos firmado. (Por favor, no env\u00ede esto hasta que CICT lo solicite).<\/li><\/ol><p>Env\u00edenos un correo electr\u00f3nico a <a href=\"mailto:cict@uw.edu\">cict@uw.edu<\/a> si tiene alguna pregunta.<\/p><h2>Env\u00edo de Datos<\/h2><p>Para obtener detalles sobre c\u00f3mo enviar datos al biorregistro, env\u00edenos un correo electr\u00f3nico a <a href=\"mailto:cict@uw.edu\">cict@uw.edu<\/a>.<\/p>\t\t\t\t\t\t\t\t<\/div>\n\t\t\t\t<\/div>\n\t\t\t\t<\/div>\n\t\t\t\t<\/div>\n\t\t\t\t\t<\/div>\n\t\t\t\t<\/div>\n\t\t\t\t<\/div>","protected":false},"excerpt":{"rendered":"<p>Thank you for your interest in the bioregistry. Please follow the instructions below to request data from and submit data to the CICT bioregistry. Requesting Data To request data from the CICT Bioregistry, follow these steps:\u00a0 Submit a Gatekeeper form. Investigators must first submit a Gatekeeper form for review by the CICT Data Access Committee. [&hellip;]<\/p>","protected":false},"author":2196,"featured_media":0,"parent":775,"menu_order":0,"comment_status":"closed","ping_status":"closed","template":"","meta":{"_acf_changed":false,"footnotes":""},"class_list":["post-3473","page","type-page","status-publish","hentry"],"acf":[],"_links":{"self":[{"href":"https:\/\/www.cancerandtransplant.org\/es\/wp-json\/wp\/v2\/pages\/3473","targetHints":{"allow":["GET"]}}],"collection":[{"href":"https:\/\/www.cancerandtransplant.org\/es\/wp-json\/wp\/v2\/pages"}],"about":[{"href":"https:\/\/www.cancerandtransplant.org\/es\/wp-json\/wp\/v2\/types\/page"}],"author":[{"embeddable":true,"href":"https:\/\/www.cancerandtransplant.org\/es\/wp-json\/wp\/v2\/users\/2196"}],"replies":[{"embeddable":true,"href":"https:\/\/www.cancerandtransplant.org\/es\/wp-json\/wp\/v2\/comments?post=3473"}],"version-history":[{"count":25,"href":"https:\/\/www.cancerandtransplant.org\/es\/wp-json\/wp\/v2\/pages\/3473\/revisions"}],"predecessor-version":[{"id":3523,"href":"https:\/\/www.cancerandtransplant.org\/es\/wp-json\/wp\/v2\/pages\/3473\/revisions\/3523"}],"up":[{"embeddable":true,"href":"https:\/\/www.cancerandtransplant.org\/es\/wp-json\/wp\/v2\/pages\/775"}],"wp:attachment":[{"href":"https:\/\/www.cancerandtransplant.org\/es\/wp-json\/wp\/v2\/media?parent=3473"}],"curies":[{"name":"wp","href":"https:\/\/api.w.org\/{rel}","templated":true}]}}