{"id":772,"date":"2023-05-03T14:27:35","date_gmt":"2023-05-03T21:27:35","guid":{"rendered":"https:\/\/www.cancerandtransplant.org\/?page_id=772"},"modified":"2026-04-08T13:14:08","modified_gmt":"2026-04-08T20:14:08","slug":"research","status":"publish","type":"page","link":"https:\/\/www.cancerandtransplant.org\/es\/research\/","title":{"rendered":"Investigaci\u00f3n"},"content":{"rendered":"<div data-elementor-type=\"wp-post\" data-elementor-id=\"772\" class=\"elementor elementor-772\" data-elementor-post-type=\"page\">\n\t\t\t\t<div class=\"elementor-element elementor-element-8d700f7 e-flex e-con-boxed e-con e-parent\" data-id=\"8d700f7\" data-element_type=\"container\" data-e-type=\"container\">\n\t\t\t\t\t<div class=\"e-con-inner\">\n\t\t\t\t<div class=\"elementor-element elementor-element-4f4006d elementor-invisible elementor-widget elementor-widget-image\" data-id=\"4f4006d\" data-element_type=\"widget\" data-e-type=\"widget\" data-settings=\"{&quot;_animation&quot;:&quot;fadeIn&quot;}\" data-widget_type=\"image.default\">\n\t\t\t\t<div class=\"elementor-widget-container\">\n\t\t\t\t\t\t\t\t\t\t\t\t<figure class=\"wp-caption\">\n\t\t\t\t\t\t\t\t\t\t<img fetchpriority=\"high\" decoding=\"async\" width=\"1280\" height=\"771\" src=\"https:\/\/www.cancerandtransplant.org\/wp-content\/uploads\/2023\/05\/blosser-and-gard-lab.jpg\" class=\"attachment-full size-full wp-image-1369\" alt=\"Dr. Blosser and a colleague, wearing lab coats and gloves, conduct research in a lab.\" srcset=\"https:\/\/www.cancerandtransplant.org\/wp-content\/uploads\/2023\/05\/blosser-and-gard-lab.jpg 1280w, https:\/\/www.cancerandtransplant.org\/wp-content\/uploads\/2023\/05\/blosser-and-gard-lab-300x181.jpg 300w, https:\/\/www.cancerandtransplant.org\/wp-content\/uploads\/2023\/05\/blosser-and-gard-lab-1024x617.jpg 1024w, https:\/\/www.cancerandtransplant.org\/wp-content\/uploads\/2023\/05\/blosser-and-gard-lab-768x463.jpg 768w, https:\/\/www.cancerandtransplant.org\/wp-content\/uploads\/2023\/05\/blosser-and-gard-lab-18x12.jpg 18w\" sizes=\"(max-width: 1280px) 100vw, 1280px\" \/>\t\t\t\t\t\t\t\t\t\t\t<figcaption class=\"widget-image-caption wp-caption-text\">Dr. Chris Blosser and Research Coordinator Caitlin Gard in the lab.<\/figcaption>\n\t\t\t\t\t\t\t\t\t\t<\/figure>\n\t\t\t\t\t\t\t\t\t<\/div>\n\t\t\t\t<\/div>\n\t\t<div class=\"elementor-element elementor-element-9a0382e e-con-full e-flex e-con e-child\" data-id=\"9a0382e\" data-element_type=\"container\" data-e-type=\"container\">\n\t\t<div class=\"elementor-element elementor-element-6dde706 e-con-full e-flex e-con e-child\" data-id=\"6dde706\" data-element_type=\"container\" data-e-type=\"container\">\n\t\t\t\t<div class=\"elementor-element elementor-element-565fb87 elementor-blockquote--skin-clean elementor-widget elementor-widget-blockquote\" data-id=\"565fb87\" data-element_type=\"widget\" data-e-type=\"widget\" data-widget_type=\"blockquote.default\">\n\t\t\t\t<div class=\"elementor-widget-container\">\n\t\t\t\t\t\t\t<blockquote class=\"elementor-blockquote\">\n\t\t\t<p class=\"elementor-blockquote__content\">\n\t\t\t\tLas personas que reciben trasplantes de \u00f3rganos tienen entre dos y cuatro veces m\u00e1s riesgo de padecer c\u00e1ncer.\t\t\t<\/p>\n\t\t\t\t\t<\/blockquote>\n\t\t\t\t\t\t<\/div>\n\t\t\t\t<\/div>\n\t\t\t\t<\/div>\n\t\t<div class=\"elementor-element elementor-element-6db29f0 e-con-full e-flex e-con e-child\" data-id=\"6db29f0\" data-element_type=\"container\" data-e-type=\"container\">\n\t\t\t\t<div class=\"elementor-element elementor-element-191ba76 elementor-widget__width-inherit cict-main-content elementor-widget elementor-widget-text-editor\" data-id=\"191ba76\" data-element_type=\"widget\" data-e-type=\"widget\" data-widget_type=\"text-editor.default\">\n\t\t\t\t<div class=\"elementor-widget-container\">\n\t\t\t\t\t\t\t\t\t<p class=\"translation-block\"><b>Las personas que reciben trasplantes de \u00f3rganos tienen entre dos y cuatro veces m\u00e1s riesgo de padecer c\u00e1ncer.<\/b> Esto significa m\u00e1s c\u00e1ncer y m\u00e1s trasplantes de \u00f3rganos s\u00f3lidos, y m\u00e1s personas con c\u00e1ncer <i>y<\/i> un trasplante de \u00f3rganos.<\/p><p>Las personas receptoras de trasplante de \u00f3rganos s\u00f3lidos (SOTRs por sus siglas en ingl\u00e9s) tienen entre dos y cuatro veces m\u00e1s riesgo de padecer c\u00e1ncer debido a la edad avanzada, los virus oncog\u00e9nicos (por ejemplo, el virus de Epstein-Barr) y la inmunosupresi\u00f3n para evitar el rechazo del trasplante.<\/p><p><u>La combinaci\u00f3n de c\u00e1ncer y trasplante de \u00f3rganos s\u00f3lidos presenta grandes desaf\u00edos para pacientes y m\u00e9dicos que conducen a un aumento riesgo de muerte y rechazo del trasplante<\/u>, y la necesidad de tratamientos intensivos e invasivos.<\/p><p>These challenges include:<\/p><ol><li><b>Inmunoterapias<\/b>.  En la oncolog\u00eda se est\u00e1n desarrollando con rapidez nuevas inmunoterapias, entre ellas los inhibidores de puntos de control inmunitarios (ICIs en ingl\u00e9s). Los ICI est\u00e1n aprobadas para casi la mitad de las personas en edad adulta con tumores s\u00f3lidos avanzados, pero los ICI causan rechazo al trasplante, efectos distintos a los deseados y progresi\u00f3n del c\u00e1ncer en las SOTR. Todav\u00eda se desconoce mucho sobre el uso seguro de los ICI en las SOTR, especialmente entre las poblaciones de minor\u00edas raciales y \u00e9tnicas que experimentan un menor accesso al trasplante y una peor sobrevivencia como pacientes y despu\u00e9s del trasplante.<\/li><li><b>Factores sociales<\/b>.  Estos resultados deficientes en las poblaciones de minor\u00edas raciales y \u00e9tnicas podr\u00edan deberse a los determinantes sociales de la salud (DSS), que incluyen la estabilidad econ\u00f3mica, la educaci\u00f3n, el vecindario y la infraestructura en el entorno, el contexto social y comunitario, y la salud y el acceso a la atenci\u00f3n m\u00e9dica. Sin embargo, se desconoce el efecto de DSS en las SOTR en riesgo de padecer c\u00e1ncer o con c\u00e1ncer. Estas brechas de conocimiento presentan oportunidades para la investigaci\u00f3n centrada en pacientes, para comprender mejor los riesgos y las v\u00edas moleculares implicadas, a fin de mejorar la detecci\u00f3n del c\u00e1ncer, los biomarcadores y los tratamientos para los SOTR.<\/li><li><b>Atenci\u00f3n Aislada<\/b>.  Desafortunadamente, la atenci\u00f3n cl\u00ednica se ha manejado de forma separada en los diferentes espacios cl\u00ednicos y hospitalarios, lo que limita la calidad de la atenci\u00f3n, especialmente para pacientes con enfermedades complejas.<\/li><li><b>Falta de biorregistros<\/b>.  No existe un biorregistro activo a nivel de paciente para estudiar a las personas candidatas para trasplante de \u00f3rganos s\u00f3lidos o a las personas receptoras, que adem\u00e1s tienen c\u00e1ncer. Adem\u00e1s, la investigaci\u00f3n del c\u00e1ncer en pacientes con trasplantes recibe una financiaci\u00f3n federal m\u00ednima. Sin un biorregistro, muchas preguntas fundamentales sobre el c\u00e1ncer y los trasplantes seguir\u00e1n sin respuesta.<\/li><\/ol>\t\t\t\t\t\t\t\t<\/div>\n\t\t\t\t<\/div>\n\t\t<div class=\"elementor-element elementor-element-4cf670a e-flex e-con-boxed e-con e-child\" data-id=\"4cf670a\" data-element_type=\"container\" data-e-type=\"container\">\n\t\t\t\t\t<div class=\"e-con-inner\">\n\t\t\t\t<div class=\"elementor-element elementor-element-37441bd elementor-widget-divider--view-line elementor-widget elementor-widget-global elementor-global-2590 elementor-widget-divider\" data-id=\"37441bd\" data-element_type=\"widget\" data-e-type=\"widget\" data-widget_type=\"divider.default\">\n\t\t\t\t<div class=\"elementor-widget-container\">\n\t\t\t\t\t\t\t<div class=\"elementor-divider\">\n\t\t\t<span class=\"elementor-divider-separator\">\n\t\t\t\t\t\t<\/span>\n\t\t<\/div>\n\t\t\t\t\t\t<\/div>\n\t\t\t\t<\/div>\n\t\t<div class=\"elementor-element elementor-element-68eefa2 e-flex e-con-boxed e-con e-child\" data-id=\"68eefa2\" data-element_type=\"container\" data-e-type=\"container\">\n\t\t\t\t\t<div class=\"e-con-inner\">\n\t\t\t\t<div class=\"elementor-element elementor-element-84cb01b full-width elementor-widget elementor-widget-button\" data-id=\"84cb01b\" data-element_type=\"widget\" data-e-type=\"widget\" data-widget_type=\"button.default\">\n\t\t\t\t<div class=\"elementor-widget-container\">\n\t\t\t\t\t\t\t\t\t<div class=\"elementor-button-wrapper\">\n\t\t\t\t\t<a class=\"elementor-button elementor-button-link elementor-size-lg\" href=\"\/es\/research\/study-goals\/\">\n\t\t\t\t\t\t<span class=\"elementor-button-content-wrapper\">\n\t\t\t\t\t\t<span class=\"elementor-button-icon\">\n\t\t\t\t<svg xmlns=\"http:\/\/www.w3.org\/2000\/svg\" width=\"24\" height=\"24\" viewbox=\"0 0 24 24\" fill=\"none\" stroke=\"currentColor\" stroke-width=\"2\" stroke-linecap=\"round\" stroke-linejoin=\"round\" class=\"feather feather-arrow-right\"><line x1=\"5\" y1=\"12\" x2=\"19\" y2=\"12\"><\/line><polyline points=\"12 5 19 12 12 19\"><\/polyline><\/svg>\t\t\t<\/span>\n\t\t\t\t\t\t\t\t\t<span class=\"elementor-button-text\">Learn about our study goals<\/span>\n\t\t\t\t\t<\/span>\n\t\t\t\t\t<\/a>\n\t\t\t\t<\/div>\n\t\t\t\t\t\t\t\t<\/div>\n\t\t\t\t<\/div>\n\t\t\t\t\t<\/div>\n\t\t\t\t<\/div>\n\t\t\t\t\t<\/div>\n\t\t\t\t<\/div>\n\t\t\t\t<\/div>\n\t\t\t\t<\/div>\n\t\t\t\t\t<\/div>\n\t\t\t\t<\/div>\n\t\t\t\t<\/div>","protected":false},"excerpt":{"rendered":"<p>Dr. Chris Blosser and Research Coordinator Caitlin Gard in the lab. Organ transplant recipients are at two to four times the risk of cancer. The general population is aging with chronic diseases. This means more cancer and more solid organ transplantation, and more people with both cancer and an organ transplant. Solid organ transplant recipients [&hellip;]<\/p>","protected":false},"author":2196,"featured_media":0,"parent":0,"menu_order":0,"comment_status":"closed","ping_status":"closed","template":"","meta":{"_acf_changed":false,"footnotes":""},"class_list":["post-772","page","type-page","status-publish","hentry"],"acf":[],"_links":{"self":[{"href":"https:\/\/www.cancerandtransplant.org\/es\/wp-json\/wp\/v2\/pages\/772","targetHints":{"allow":["GET"]}}],"collection":[{"href":"https:\/\/www.cancerandtransplant.org\/es\/wp-json\/wp\/v2\/pages"}],"about":[{"href":"https:\/\/www.cancerandtransplant.org\/es\/wp-json\/wp\/v2\/types\/page"}],"author":[{"embeddable":true,"href":"https:\/\/www.cancerandtransplant.org\/es\/wp-json\/wp\/v2\/users\/2196"}],"replies":[{"embeddable":true,"href":"https:\/\/www.cancerandtransplant.org\/es\/wp-json\/wp\/v2\/comments?post=772"}],"version-history":[{"count":25,"href":"https:\/\/www.cancerandtransplant.org\/es\/wp-json\/wp\/v2\/pages\/772\/revisions"}],"predecessor-version":[{"id":4841,"href":"https:\/\/www.cancerandtransplant.org\/es\/wp-json\/wp\/v2\/pages\/772\/revisions\/4841"}],"wp:attachment":[{"href":"https:\/\/www.cancerandtransplant.org\/es\/wp-json\/wp\/v2\/media?parent=772"}],"curies":[{"name":"wp","href":"https:\/\/api.w.org\/{rel}","templated":true}]}}